{"id":8,"date":"2013-01-16T14:55:29","date_gmt":"2013-01-16T12:55:29","guid":{"rendered":"http:\/\/www.pilotraum01.org\/?page_id=8"},"modified":"2026-03-04T12:57:09","modified_gmt":"2026-03-04T10:57:09","slug":"verein-2","status":"publish","type":"page","link":"https:\/\/www.pilotraum01.org\/?page_id=8","title":{"rendered":"Verein"},"content":{"rendered":"\t\t<div data-elementor-type=\"wp-page\" data-elementor-id=\"8\" class=\"elementor elementor-8\" data-elementor-post-type=\"page\">\n\t\t\t\t<div class=\"elementor-element elementor-element-2bf9f051 e-con-full animated-slow e-flex elementor-invisible e-con e-parent\" data-id=\"2bf9f051\" data-element_type=\"container\" data-settings=\"{&quot;animation&quot;:&quot;fadeIn&quot;}\">\n\t\t\t\t<div class=\"elementor-element elementor-element-8cce374 elementor-widget elementor-widget-heading\" data-id=\"8cce374\" data-element_type=\"widget\" data-widget_type=\"heading.default\">\n\t\t\t\t<div class=\"elementor-widget-container\">\n\t\t\t\t\t<h1 class=\"elementor-heading-title elementor-size-default\">unser<br>verein<\/h1>\t\t\t\t<\/div>\n\t\t\t\t<\/div>\n\t\t\t\t<div class=\"elementor-element elementor-element-2830fe5f elementor-widget elementor-widget-text-editor\" data-id=\"2830fe5f\" data-element_type=\"widget\" data-widget_type=\"text-editor.default\">\n\t\t\t\t<div class=\"elementor-widget-container\">\n\t\t\t\t\t\t\t\t\t<p>Wir tragen zu den gesellschaftlichen Wandlungsprozessen bei und suchen neue Wege in unsere Zukunft.<br \/>Wir ber\u00fccksichtigen bei unserem Tun die Kultur als grundlegenden Faktor gesellschaftlichen Zusammenlebens. Eine besondere und integrative Rolle kommt dabei der Kunst zu. Sie verleiht Diskursen neue Impulse und baut Br\u00fccken zwischen Wissenschaftlern und B\u00fcrgern. Auf unserer Web-Site k\u00f6nnen Sie sich ausf\u00fchrlich \u00fcber unsere Veranstaltungen informieren.<br \/><span style=\"text-align: var(--text-align);\"><br \/>Der Verein initiiert und realisiert \u00fcber die Grenzen hinweg:<\/span><\/p><ul><li>Kulturelle Festivals, die nachhaltige Begegnungen verschiedener Kreise innerhalb der Zivilgesellschaft stiften<\/li><li>Kunstprojekte und Ausstellungen, um wichtige Themen \u00f6ffentlich zu kommunizieren<\/li><li>Konferenzen und Workshops zum Erfahrungsaustausch<\/li><li>Kooperationen mit Institutionen, Hochschulen, Unternehmen, Stiftungen u.a. f\u00fcr den Aufbau eines fach\u00fcbergreifenden Netzwerkes<\/li><\/ul><div><p>\u00a0<\/p><p><span style=\"text-align: var(--text-align); background-color: rgba(182, 35, 35, 0);\">Dabei arbeiten wir mit Experten unterschiedlicher Wissensgebiete zusammen. Unser Team repr\u00e4sentiert die Bereiche Kunst, Design, Medizin, Technologie, Wirtschaft und Gletscherforschung.<\/span><\/p><p>Der Verein ist selbstlos t\u00e4tig, er verfolgt ausschlie\u00dflich und unmittelbar gemeinn\u00fctzige Zwecke.<\/p><\/div><p><strong>Der Verein ist 2026 aufgel\u00f6st.<\/strong><\/p>\t\t\t\t\t\t\t\t<\/div>\n\t\t\t\t<\/div>\n\t\t\t\t<\/div>\n\t\t<div class=\"elementor-element elementor-element-a610db0 elementor-hidden-mobile e-flex e-con-boxed e-con e-parent\" data-id=\"a610db0\" data-element_type=\"container\" data-settings=\"{&quot;position&quot;:&quot;fixed&quot;}\">\n\t\t\t\t\t<div class=\"e-con-inner\">\n\t\t\t\t\t<\/div>\n\t\t\t\t<\/div>\n\t\t\t\t<\/div>\n\t\t","protected":false},"excerpt":{"rendered":"<p>unserverein Wir tragen zu den gesellschaftlichen Wandlungsprozessen bei und suchen neue Wege in unsere Zukunft.Wir ber\u00fccksichtigen bei unserem Tun die Kultur als grundlegenden Faktor gesellschaftlichen Zusammenlebens. Eine besondere und integrative Rolle kommt dabei der Kunst zu. Sie verleiht Diskursen neue Impulse und baut Br\u00fccken zwischen Wissenschaftlern und B\u00fcrgern. Auf unserer Web-Site k\u00f6nnen Sie sich ausf\u00fchrlich [&hellip;]<\/p>\n","protected":false},"author":1,"featured_media":0,"parent":0,"menu_order":1,"comment_status":"closed","ping_status":"open","template":"","meta":{"footnotes":""},"class_list":["post-8","page","type-page","status-publish","hentry"],"_links":{"self":[{"href":"https:\/\/www.pilotraum01.org\/index.php?rest_route=\/wp\/v2\/pages\/8","targetHints":{"allow":["GET"]}}],"collection":[{"href":"https:\/\/www.pilotraum01.org\/index.php?rest_route=\/wp\/v2\/pages"}],"about":[{"href":"https:\/\/www.pilotraum01.org\/index.php?rest_route=\/wp\/v2\/types\/page"}],"author":[{"embeddable":true,"href":"https:\/\/www.pilotraum01.org\/index.php?rest_route=\/wp\/v2\/users\/1"}],"replies":[{"embeddable":true,"href":"https:\/\/www.pilotraum01.org\/index.php?rest_route=%2Fwp%2Fv2%2Fcomments&post=8"}],"version-history":[{"count":437,"href":"https:\/\/www.pilotraum01.org\/index.php?rest_route=\/wp\/v2\/pages\/8\/revisions"}],"predecessor-version":[{"id":6688,"href":"https:\/\/www.pilotraum01.org\/index.php?rest_route=\/wp\/v2\/pages\/8\/revisions\/6688"}],"wp:attachment":[{"href":"https:\/\/www.pilotraum01.org\/index.php?rest_route=%2Fwp%2Fv2%2Fmedia&parent=8"}],"curies":[{"name":"wp","href":"https:\/\/api.w.org\/{rel}","templated":true}]}}