{"id":4537,"date":"2024-07-15T13:10:17","date_gmt":"2024-07-15T11:10:17","guid":{"rendered":"http:\/\/www.pilotraum01.org\/?page_id=4537"},"modified":"2025-06-13T14:33:14","modified_gmt":"2025-06-13T12:33:14","slug":"home","status":"publish","type":"page","link":"https:\/\/www.pilotraum01.org\/","title":{"rendered":"Home New"},"content":{"rendered":"\t\t<div data-elementor-type=\"wp-page\" data-elementor-id=\"4537\" class=\"elementor elementor-4537\" data-elementor-post-type=\"page\">\n\t\t\t\t<div class=\"elementor-element elementor-element-392ad27 e-con-full home_slider elementor-hidden-desktop elementor-hidden-tablet e-flex e-con e-parent\" data-id=\"392ad27\" data-element_type=\"container\">\n\t\t\t\t<div class=\"elementor-element elementor-element-aac7282 elementor-skin-carousel elementor-widget elementor-widget-media-carousel\" data-id=\"aac7282\" data-element_type=\"widget\" data-settings=\"{&quot;effect&quot;:&quot;fade&quot;,&quot;space_between&quot;:{&quot;unit&quot;:&quot;px&quot;,&quot;size&quot;:0,&quot;sizes&quot;:[]},&quot;speed&quot;:300,&quot;skin&quot;:&quot;carousel&quot;,&quot;autoplay&quot;:&quot;yes&quot;,&quot;autoplay_speed&quot;:5000,&quot;loop&quot;:&quot;yes&quot;,&quot;space_between_tablet&quot;:{&quot;unit&quot;:&quot;px&quot;,&quot;size&quot;:10,&quot;sizes&quot;:[]},&quot;space_between_mobile&quot;:{&quot;unit&quot;:&quot;px&quot;,&quot;size&quot;:10,&quot;sizes&quot;:[]}}\" data-widget_type=\"media-carousel.default\">\n\t\t\t\t<div class=\"elementor-widget-container\">\n\t\t\t\t\t\t\t<div class=\"elementor-swiper\">\n\t\t\t<div class=\"elementor-main-swiper swiper-container\">\n\t\t\t\t<div class=\"swiper-wrapper\">\n\t\t\t\t\t\t\t\t\t\t\t<div class=\"swiper-slide\">\n\t\t\t\t\t\t\t\t\t<div class=\"elementor-carousel-image\" role=\"img\" aria-label=\"DCIM100MEDIADJI_0823.JPG\" style=\"background-image: url(&#039;https:\/\/www.pilotraum01.org\/wp-content\/uploads\/2024\/07\/DJI_0823-Kopie-scaled.jpeg&#039;)\">\n\n\t\t\t\n\t\t\t\t\t<\/div>\n\t\t\t\t\t\t\t\t<\/div>\n\t\t\t\t\t\t\t\t\t\t\t<div class=\"swiper-slide\">\n\t\t\t\t\t\t\t\t\t<div class=\"elementor-carousel-image\" role=\"img\" aria-label=\"DSC_5491\" style=\"background-image: url(&#039;https:\/\/www.pilotraum01.org\/wp-content\/uploads\/2024\/07\/DSC_5491-scaled.jpg&#039;)\">\n\n\t\t\t\n\t\t\t\t\t<\/div>\n\t\t\t\t\t\t\t\t<\/div>\n\t\t\t\t\t\t\t\t\t\t\t<div class=\"swiper-slide\">\n\t\t\t\t\t\t\t\t\t<div class=\"elementor-carousel-image\" role=\"img\" aria-label=\"start_4E+1\" style=\"background-image: url(&#039;https:\/\/www.pilotraum01.org\/wp-content\/uploads\/2013\/02\/start_4E+1.jpg&#039;)\">\n\n\t\t\t\n\t\t\t\t\t<\/div>\n\t\t\t\t\t\t\t\t<\/div>\n\t\t\t\t\t\t\t\t\t\t\t<div class=\"swiper-slide\">\n\t\t\t\t\t\t\t\t\t<div class=\"elementor-carousel-image\" role=\"img\" aria-label=\"start_4E+1\" style=\"background-image: url(&#039;https:\/\/www.pilotraum01.org\/wp-content\/uploads\/2013\/02\/start_4E+1.gif&#039;)\">\n\n\t\t\t\n\t\t\t\t\t<\/div>\n\t\t\t\t\t\t\t\t<\/div>\n\t\t\t\t\t\t\t\t\t\t\t<div class=\"swiper-slide\">\n\t\t\t\t\t\t\t\t\t<div class=\"elementor-carousel-image\" role=\"img\" aria-label=\"start_abstieg-passage\" style=\"background-image: url(&#039;https:\/\/www.pilotraum01.org\/wp-content\/uploads\/2013\/02\/start_abstieg-passage.jpg&#039;)\">\n\n\t\t\t\n\t\t\t\t\t<\/div>\n\t\t\t\t\t\t\t\t<\/div>\n\t\t\t\t\t\t\t\t\t\t\t<div class=\"swiper-slide\">\n\t\t\t\t\t\t\t\t\t<div class=\"elementor-carousel-image\" role=\"img\" aria-label=\"start_passage\" style=\"background-image: url(&#039;https:\/\/www.pilotraum01.org\/wp-content\/uploads\/2013\/02\/start_passage.jpg&#039;)\">\n\n\t\t\t\n\t\t\t\t\t<\/div>\n\t\t\t\t\t\t\t\t<\/div>\n\t\t\t\t\t\t\t\t\t\t\t<div class=\"swiper-slide\">\n\t\t\t\t\t\t\t\t\t<div class=\"elementor-carousel-image\" role=\"img\" aria-label=\"Start_Eritrea\" style=\"background-image: url(&#039;https:\/\/www.pilotraum01.org\/wp-content\/uploads\/2013\/02\/Start_Eritrea.jpg&#039;)\">\n\n\t\t\t\n\t\t\t\t\t<\/div>\n\t\t\t\t\t\t\t\t<\/div>\n\t\t\t\t\t\t\t\t\t\t\t<div class=\"swiper-slide\">\n\t\t\t\t\t\t\t\t\t<div class=\"elementor-carousel-image\" role=\"img\" aria-label=\"start tamiko drachen\" style=\"background-image: url(&#039;https:\/\/www.pilotraum01.org\/wp-content\/uploads\/2013\/02\/Bild-3.jpg&#039;)\">\n\n\t\t\t\n\t\t\t\t\t<\/div>\n\t\t\t\t\t\t\t\t<\/div>\n\t\t\t\t\t\t\t\t\t\t\t<div class=\"swiper-slide\">\n\t\t\t\t\t\t\t\t\t<div class=\"elementor-carousel-image\" role=\"img\" aria-label=\"start_fairdrop\" style=\"background-image: url(&#039;https:\/\/www.pilotraum01.org\/wp-content\/uploads\/2013\/02\/start_fairdrop.jpg&#039;)\">\n\n\t\t\t\n\t\t\t\t\t<\/div>\n\t\t\t\t\t\t\t\t<\/div>\n\t\t\t\t\t\t\t\t\t\t\t<div class=\"swiper-slide\">\n\t\t\t\t\t\t\t\t\t<div class=\"elementor-carousel-image\" role=\"img\" aria-label=\"Fairdrop\" style=\"background-image: url(&#039;https:\/\/www.pilotraum01.org\/wp-content\/uploads\/2013\/02\/start_1.jpg&#039;)\">\n\n\t\t\t\n\t\t\t\t\t<\/div>\n\t\t\t\t\t\t\t\t<\/div>\n\t\t\t\t\t\t\t\t\t<\/div>\n\t\t\t\t\t\t\t\t\t\t\t\t\t\t\t\t\t\t\t\t\t<\/div>\n\t\t<\/div>\n\t\t\t\t\t\t<\/div>\n\t\t\t\t<\/div>\n\t\t\t\t<\/div>\n\t\t<div class=\"elementor-element elementor-element-089909a e-con-full home_slider animated-slow e-flex elementor-invisible e-con e-parent\" data-id=\"089909a\" data-element_type=\"container\" data-settings=\"{&quot;animation&quot;:&quot;fadeIn&quot;}\">\n\t\t\t\t<div class=\"elementor-element elementor-element-fab9d95 elementor-widget elementor-widget-heading\" data-id=\"fab9d95\" data-element_type=\"widget\" data-widget_type=\"heading.default\">\n\t\t\t\t<div class=\"elementor-widget-container\">\n\t\t\t\t\t<h1 class=\"elementor-heading-title elementor-size-default\">der<br>pilotraum01<\/h1>\t\t\t\t<\/div>\n\t\t\t\t<\/div>\n\t\t\t\t<div class=\"elementor-element elementor-element-473463c elementor-widget elementor-widget-heading\" data-id=\"473463c\" data-element_type=\"widget\" data-widget_type=\"heading.default\">\n\t\t\t\t<div class=\"elementor-widget-container\">\n\t\t\t\t\t<h3 class=\"elementor-heading-title elementor-size-default\">Ein Forum f\u00fcr sparten\u00fcbergreifende Diskurse und Motivator und Organisator von experimentellen Projekten und Anwendungen mit regionaler und internationaler Ausrichtung.<br><br><span style=\"text-align: var(--text-align)\">Der gemeinn\u00fctzige Verein steht f\u00fcr kreative Freir\u00e4ume, Fragen kultureller Identit\u00e4ten und f\u00fcr gesellschaftliche Wandlungsprozesse unter Einbeziehung umweltrelevanter Herausforderungen und k\u00fcnstlerischer Strategien.<\/span><\/h3>\t\t\t\t<\/div>\n\t\t\t\t<\/div>\n\t\t\t\t<\/div>\n\t\t<div class=\"elementor-element elementor-element-90804d5 e-con-full card2 elementor-hidden-mobile e-flex elementor-invisible e-con e-parent\" data-id=\"90804d5\" data-element_type=\"container\" data-settings=\"{&quot;position&quot;:&quot;absolute&quot;,&quot;animation&quot;:&quot;fadeInRight&quot;}\">\n\t\t\t\t<div class=\"elementor-element elementor-element-2d09b87 elementor-widget elementor-widget-image-carousel\" data-id=\"2d09b87\" data-element_type=\"widget\" data-settings=\"{&quot;slides_to_show&quot;:&quot;1&quot;,&quot;navigation&quot;:&quot;none&quot;,&quot;autoplay&quot;:&quot;yes&quot;,&quot;pause_on_hover&quot;:&quot;yes&quot;,&quot;pause_on_interaction&quot;:&quot;yes&quot;,&quot;autoplay_speed&quot;:5000,&quot;infinite&quot;:&quot;yes&quot;,&quot;effect&quot;:&quot;slide&quot;,&quot;speed&quot;:500}\" data-widget_type=\"image-carousel.default\">\n\t\t\t\t<div class=\"elementor-widget-container\">\n\t\t\t\t\t\t\t<div class=\"elementor-image-carousel-wrapper swiper\" role=\"region\" aria-roledescription=\"carousel\" aria-label=\"Bild Karussell\" dir=\"ltr\">\n\t\t\t<div class=\"elementor-image-carousel swiper-wrapper\" aria-live=\"off\">\n\t\t\t\t\t\t\t\t<div class=\"swiper-slide\" role=\"group\" aria-roledescription=\"slide\" aria-label=\"1 von 10\"><figure class=\"swiper-slide-inner\"><img decoding=\"async\" class=\"swiper-slide-image\" src=\"https:\/\/www.pilotraum01.org\/wp-content\/uploads\/2024\/07\/DJI_0823-Kopie-scaled.jpeg\" alt=\"DCIM100MEDIADJI_0823.JPG\" \/><\/figure><\/div><div class=\"swiper-slide\" role=\"group\" aria-roledescription=\"slide\" aria-label=\"2 von 10\"><figure class=\"swiper-slide-inner\"><img decoding=\"async\" class=\"swiper-slide-image\" src=\"https:\/\/www.pilotraum01.org\/wp-content\/uploads\/2024\/07\/DSC_5491-scaled.jpg\" alt=\"DSC_5491\" \/><\/figure><\/div><div class=\"swiper-slide\" role=\"group\" aria-roledescription=\"slide\" aria-label=\"3 von 10\"><figure class=\"swiper-slide-inner\"><img decoding=\"async\" class=\"swiper-slide-image\" src=\"https:\/\/www.pilotraum01.org\/wp-content\/uploads\/2013\/02\/start_4E+1.jpg\" alt=\"start_4E+1\" \/><\/figure><\/div><div class=\"swiper-slide\" role=\"group\" aria-roledescription=\"slide\" aria-label=\"4 von 10\"><figure class=\"swiper-slide-inner\"><img decoding=\"async\" class=\"swiper-slide-image\" src=\"https:\/\/www.pilotraum01.org\/wp-content\/uploads\/2013\/02\/start_4E+1.gif\" alt=\"start_4E+1\" \/><\/figure><\/div><div class=\"swiper-slide\" role=\"group\" aria-roledescription=\"slide\" aria-label=\"5 von 10\"><figure class=\"swiper-slide-inner\"><img decoding=\"async\" class=\"swiper-slide-image\" src=\"https:\/\/www.pilotraum01.org\/wp-content\/uploads\/2013\/02\/start_abstieg-passage.jpg\" alt=\"start_abstieg-passage\" \/><\/figure><\/div><div class=\"swiper-slide\" role=\"group\" aria-roledescription=\"slide\" aria-label=\"6 von 10\"><figure class=\"swiper-slide-inner\"><img decoding=\"async\" class=\"swiper-slide-image\" src=\"https:\/\/www.pilotraum01.org\/wp-content\/uploads\/2013\/02\/start_passage.jpg\" alt=\"start_passage\" \/><\/figure><\/div><div class=\"swiper-slide\" role=\"group\" aria-roledescription=\"slide\" aria-label=\"7 von 10\"><figure class=\"swiper-slide-inner\"><img decoding=\"async\" class=\"swiper-slide-image\" src=\"https:\/\/www.pilotraum01.org\/wp-content\/uploads\/2013\/02\/Start_Eritrea.jpg\" alt=\"Start_Eritrea\" \/><\/figure><\/div><div class=\"swiper-slide\" role=\"group\" aria-roledescription=\"slide\" aria-label=\"8 von 10\"><figure class=\"swiper-slide-inner\"><img decoding=\"async\" class=\"swiper-slide-image\" src=\"https:\/\/www.pilotraum01.org\/wp-content\/uploads\/2013\/02\/Bild-3.jpg\" alt=\"start tamiko drachen\" \/><\/figure><\/div><div class=\"swiper-slide\" role=\"group\" aria-roledescription=\"slide\" aria-label=\"9 von 10\"><figure class=\"swiper-slide-inner\"><img decoding=\"async\" class=\"swiper-slide-image\" src=\"https:\/\/www.pilotraum01.org\/wp-content\/uploads\/2013\/02\/start_fairdrop.jpg\" alt=\"start_fairdrop\" \/><\/figure><\/div><div class=\"swiper-slide\" role=\"group\" aria-roledescription=\"slide\" aria-label=\"10 von 10\"><figure class=\"swiper-slide-inner\"><img decoding=\"async\" class=\"swiper-slide-image\" src=\"https:\/\/www.pilotraum01.org\/wp-content\/uploads\/2013\/02\/start_1.jpg\" alt=\"Fairdrop\" \/><\/figure><\/div>\t\t\t<\/div>\n\t\t\t\t\t\t\t\n\t\t\t\t\t\t\t\t\t<\/div>\n\t\t\t\t\t\t<\/div>\n\t\t\t\t<\/div>\n\t\t\t\t<\/div>\n\t\t\t\t<\/div>\n\t\t","protected":false},"excerpt":{"rendered":"<p>derpilotraum01 Ein Forum f\u00fcr sparten\u00fcbergreifende Diskurse und Motivator und Organisator von experimentellen Projekten und Anwendungen mit regionaler und internationaler Ausrichtung. Der gemeinn\u00fctzige Verein steht f\u00fcr kreative Freir\u00e4ume, Fragen kultureller Identit\u00e4ten und f\u00fcr gesellschaftliche Wandlungsprozesse unter Einbeziehung umweltrelevanter Herausforderungen und k\u00fcnstlerischer Strategien.<\/p>\n","protected":false},"author":1,"featured_media":0,"parent":0,"menu_order":0,"comment_status":"closed","ping_status":"closed","template":"","meta":{"footnotes":""},"class_list":["post-4537","page","type-page","status-publish","hentry"],"_links":{"self":[{"href":"https:\/\/www.pilotraum01.org\/index.php?rest_route=\/wp\/v2\/pages\/4537","targetHints":{"allow":["GET"]}}],"collection":[{"href":"https:\/\/www.pilotraum01.org\/index.php?rest_route=\/wp\/v2\/pages"}],"about":[{"href":"https:\/\/www.pilotraum01.org\/index.php?rest_route=\/wp\/v2\/types\/page"}],"author":[{"embeddable":true,"href":"https:\/\/www.pilotraum01.org\/index.php?rest_route=\/wp\/v2\/users\/1"}],"replies":[{"embeddable":true,"href":"https:\/\/www.pilotraum01.org\/index.php?rest_route=%2Fwp%2Fv2%2Fcomments&post=4537"}],"version-history":[{"count":757,"href":"https:\/\/www.pilotraum01.org\/index.php?rest_route=\/wp\/v2\/pages\/4537\/revisions"}],"predecessor-version":[{"id":6668,"href":"https:\/\/www.pilotraum01.org\/index.php?rest_route=\/wp\/v2\/pages\/4537\/revisions\/6668"}],"wp:attachment":[{"href":"https:\/\/www.pilotraum01.org\/index.php?rest_route=%2Fwp%2Fv2%2Fmedia&parent=4537"}],"curies":[{"name":"wp","href":"https:\/\/api.w.org\/{rel}","templated":true}]}}